{"id":13571,"date":"2013-01-26T10:07:35","date_gmt":"2013-01-26T09:07:35","guid":{"rendered":"http:\/\/georg-dahlhoff.eu\/monochrome\/?page_id=13571"},"modified":"2013-01-26T10:07:35","modified_gmt":"2013-01-26T09:07:35","slug":"von-der-raw-datei-zum-schwarzweisbild","status":"publish","type":"page","link":"https:\/\/georg-dahlhoff.eu\/monochrome\/?page_id=13571","title":{"rendered":"Von der RAW-Datei zum Schwarzwei\u00dfbild"},"content":{"rendered":"<p>Hier beschreibe ich Schritt f\u00fcr Schritt den Werdegang einer Aufnahme der Bergkirche in Udenheim\/Rheinhessen von der RAW-Datei zum Schwarzwei\u00dfbild. Die Aufnahme entstand mit meiner <strong>Nikon D700<\/strong> und dem <strong>AF-S 24-85 mm \/f3,5 &#8211; 4,5 VR<\/strong>. Die Bearbeitung habe ich ausschlie\u00dflich mit <strong>Photoshop Lightroom 4 <\/strong>vorgenommen.<\/p>\n<p>Zun\u00e4chst das Ausgangsbild (34 mm &#8211; f9.0 &#8211; 1\/250s &#8211; ISO 200):<\/p>\n<p><a href=\"http:\/\/georg-dahlhoff.eu\/blogmedia\/\/2013\/01\/201301248288-1.jpg\"><img loading=\"lazy\" decoding=\"async\" class=\"aligncenter size-large wp-image-13572\" src=\"http:\/\/georg-dahlhoff.eu\/blogmedia\/\/2013\/01\/201301248288-1-580x385.jpg\" alt=\"201301248288-1\" width=\"580\" height=\"385\" \/><\/a><\/p>\n<p><a href=\"http:\/\/georg-dahlhoff.eu\/blogmedia\/\/2013\/01\/Histogramm1.jpg\"><img loading=\"lazy\" decoding=\"async\" class=\"aligncenter size-full wp-image-13594\" src=\"http:\/\/georg-dahlhoff.eu\/blogmedia\/\/2013\/01\/Histogramm1.jpg\" alt=\"Histogramm1\" width=\"284\" height=\"151\" \/><\/a><\/p>\n<p>1. Bearbeitungsschritt: Belichtungskorrektur &#8211; 0,58<\/p>\n<p><a href=\"http:\/\/georg-dahlhoff.eu\/blogmedia\/\/2013\/01\/201301248288-2.jpg\"><img loading=\"lazy\" decoding=\"async\" class=\"aligncenter size-large wp-image-13573\" src=\"http:\/\/georg-dahlhoff.eu\/blogmedia\/\/2013\/01\/201301248288-2-580x385.jpg\" alt=\"201301248288-2\" width=\"580\" height=\"385\" \/><\/a><\/p>\n<p>2. Bearbeitungsschritt: Verzeichnung \u00a0und Vignettierung mittels Objektivprofil korrigieren<\/p>\n<p><a href=\"http:\/\/georg-dahlhoff.eu\/blogmedia\/\/2013\/01\/201301248288-3.jpg\"><img loading=\"lazy\" decoding=\"async\" class=\"aligncenter size-large wp-image-13574\" src=\"http:\/\/georg-dahlhoff.eu\/blogmedia\/\/2013\/01\/201301248288-3-580x385.jpg\" alt=\"201301248288-3\" width=\"580\" height=\"385\" \/><\/a><\/p>\n<p>3. Bearbeitungsschritt: Leichte Linksdrehung des Bildes um -1\u00b0 anschlie\u00dfend Beschnitt<\/p>\n<p><a href=\"http:\/\/georg-dahlhoff.eu\/blogmedia\/\/2013\/01\/201301248288-5.jpg\"><img loading=\"lazy\" decoding=\"async\" class=\"aligncenter size-large wp-image-13575\" src=\"http:\/\/georg-dahlhoff.eu\/blogmedia\/\/2013\/01\/201301248288-5-580x385.jpg\" alt=\"201301248288-5\" width=\"580\" height=\"385\" \/><\/a><\/p>\n<p>4. Bearbeitungsschritt: Histogrammoptimierung &#8211;&gt; Schwarzanteil verst\u00e4rken<\/p>\n<p><a href=\"http:\/\/georg-dahlhoff.eu\/blogmedia\/\/2013\/01\/201301248288-51.jpg\"><img loading=\"lazy\" decoding=\"async\" class=\"aligncenter size-large wp-image-13576\" src=\"http:\/\/georg-dahlhoff.eu\/blogmedia\/\/2013\/01\/201301248288-51-580x385.jpg\" alt=\"201301248288-5\" width=\"580\" height=\"385\" \/><\/a><\/p>\n<p>5. Bearbeitungsschritt: Kontrast erh\u00f6hen<\/p>\n<p><a href=\"http:\/\/georg-dahlhoff.eu\/blogmedia\/\/2013\/01\/201301248288-6.jpg\"><img loading=\"lazy\" decoding=\"async\" class=\"aligncenter size-large wp-image-13577\" src=\"http:\/\/georg-dahlhoff.eu\/blogmedia\/\/2013\/01\/201301248288-6-580x385.jpg\" alt=\"201301248288-6\" width=\"580\" height=\"385\" \/><\/a><\/p>\n<p>6. Bearbeitungsschritt: Nochmalige Belichtungskorrektur um &#8211; 0,27<\/p>\n<p><a href=\"http:\/\/georg-dahlhoff.eu\/blogmedia\/\/2013\/01\/201301248288-7.jpg\"><img loading=\"lazy\" decoding=\"async\" class=\"aligncenter size-large wp-image-13578\" src=\"http:\/\/georg-dahlhoff.eu\/blogmedia\/\/2013\/01\/201301248288-7-580x385.jpg\" alt=\"201301248288-7\" width=\"580\" height=\"385\" \/><\/a><\/p>\n<p>7. Bearbeitungsschritt: Farbtemperatur von 4700 K auf 5000 K korrigieren<\/p>\n<p><a href=\"http:\/\/georg-dahlhoff.eu\/blogmedia\/\/2013\/01\/201301248288-8.jpg\"><img loading=\"lazy\" decoding=\"async\" class=\"aligncenter size-large wp-image-13579\" src=\"http:\/\/georg-dahlhoff.eu\/blogmedia\/\/2013\/01\/201301248288-8-580x385.jpg\" alt=\"201301248288-8\" width=\"580\" height=\"385\" \/><\/a><\/p>\n<p>8. Bearbeitungsschritt: Klarheit (+25), Dynamik (+10) und S\u00e4ttigung (+5) &#8211; und fertig ist zun\u00e4chst das Farbfoto.<\/p>\n<p><a href=\"http:\/\/georg-dahlhoff.eu\/blogmedia\/\/2013\/01\/201301248288-9.jpg\"><img loading=\"lazy\" decoding=\"async\" class=\"aligncenter size-large wp-image-13580\" src=\"http:\/\/georg-dahlhoff.eu\/blogmedia\/\/2013\/01\/201301248288-9-580x385.jpg\" alt=\"201301248288-9\" width=\"580\" height=\"385\" \/><\/a><\/p>\n<p><a href=\"http:\/\/georg-dahlhoff.eu\/blogmedia\/\/2013\/01\/Histogramm2.jpg\"><img loading=\"lazy\" decoding=\"async\" class=\"aligncenter size-full wp-image-13595\" src=\"http:\/\/georg-dahlhoff.eu\/blogmedia\/\/2013\/01\/Histogramm2.jpg\" alt=\"Histogramm2\" width=\"288\" height=\"152\" \/><\/a><\/p>\n<p><strong>Nun beginnt die Umwandlung in ein Schwarzwei\u00dfbild:<\/strong><\/p>\n<p>1. Bearbeitungsschritt: Umwandlung des optimierten Farbfotos in schwarzwei\u00df.<\/p>\n<p><a href=\"http:\/\/georg-dahlhoff.eu\/blogmedia\/\/2013\/01\/201301248288-10.jpg\"><img loading=\"lazy\" decoding=\"async\" class=\"aligncenter size-large wp-image-13581\" src=\"http:\/\/georg-dahlhoff.eu\/blogmedia\/\/2013\/01\/201301248288-10-580x385.jpg\" alt=\"201301248288-10\" width=\"580\" height=\"385\" \/><\/a><\/p>\n<p><a href=\"http:\/\/georg-dahlhoff.eu\/blogmedia\/\/2013\/01\/Histogramm3.jpg\"><img loading=\"lazy\" decoding=\"async\" class=\"aligncenter size-full wp-image-13597\" src=\"http:\/\/georg-dahlhoff.eu\/blogmedia\/\/2013\/01\/Histogramm3.jpg\" alt=\"Histogramm3\" width=\"288\" height=\"152\" \/><\/a><\/p>\n<p>Ab hier beginnen die Bearbeitungsschritte, die f\u00fcr die Wirkung eines Schwarzwei\u00dfbildes entscheidend sind, n\u00e4mlich die Gewichtung der Ausgangsfarben. Das ist n\u00f6tig, weil manche eigentlich unterschiedlichen Farben, zun\u00e4chst einen \u00e4hnlichen oder sogar gleichen Grauton erhalten k\u00f6nnen. Durch die Gewichtung der Ausgangsfarben (heller\/dunkler) und die Optimierung des Kontrastes erh\u00e4lt das Bild erst das Aussehen, das es als Schwarzwei\u00dfbild attraktiv macht.<\/p>\n<p>2. Beabeitungsschritt: Tonwert blau (Himmel) dunkler (-59%)<\/p>\n<p><a href=\"http:\/\/georg-dahlhoff.eu\/blogmedia\/\/2013\/01\/201301248288-11.jpg\"><img loading=\"lazy\" decoding=\"async\" class=\"aligncenter size-large wp-image-13582\" src=\"http:\/\/georg-dahlhoff.eu\/blogmedia\/\/2013\/01\/201301248288-11-580x385.jpg\" alt=\"201301248288-11\" width=\"580\" height=\"385\" \/><\/a><\/p>\n<p>3. Bearbeitungsschritt: Tonwert orange (Weinreben) heller (+44%)<\/p>\n<p><a href=\"http:\/\/georg-dahlhoff.eu\/blogmedia\/\/2013\/01\/201301248288-12.jpg\"><img loading=\"lazy\" decoding=\"async\" class=\"aligncenter size-large wp-image-13583\" src=\"http:\/\/georg-dahlhoff.eu\/blogmedia\/\/2013\/01\/201301248288-12-580x385.jpg\" alt=\"201301248288-12\" width=\"580\" height=\"385\" \/><\/a><\/p>\n<p>4. Bearbeitungsschritt: Tonwert gelb (Mauerkanten) dunkler (-62%)<\/p>\n<p><a href=\"http:\/\/georg-dahlhoff.eu\/blogmedia\/\/2013\/01\/201301248288-13.jpg\"><img loading=\"lazy\" decoding=\"async\" class=\"aligncenter size-large wp-image-13584\" src=\"http:\/\/georg-dahlhoff.eu\/blogmedia\/\/2013\/01\/201301248288-13-580x385.jpg\" alt=\"201301248288-13\" width=\"580\" height=\"385\" \/><\/a><\/p>\n<p>5. Bearbeitungsschritt: Kontrast erh\u00f6hen und nachsch\u00e4rfen<\/p>\n<p><a href=\"http:\/\/georg-dahlhoff.eu\/blogmedia\/\/2013\/01\/201301248288-14.jpg\"><img loading=\"lazy\" decoding=\"async\" class=\"aligncenter size-large wp-image-13585\" src=\"http:\/\/georg-dahlhoff.eu\/blogmedia\/\/2013\/01\/201301248288-14-580x385.jpg\" alt=\"201301248288-14\" width=\"580\" height=\"385\" \/><\/a><\/p>\n<p><a href=\"http:\/\/georg-dahlhoff.eu\/blogmedia\/\/2013\/01\/Histogramm4.jpg\"><img loading=\"lazy\" decoding=\"async\" class=\"aligncenter size-full wp-image-13598\" src=\"http:\/\/georg-dahlhoff.eu\/blogmedia\/\/2013\/01\/Histogramm4.jpg\" alt=\"Histogramm4\" width=\"287\" height=\"152\" \/><\/a><\/p>\n<p>Damit ist das Schwarzwei\u00dfbild fertig.<\/p>\n<p>Diese kurze Beschreibung ist kein Allgemeinrezept f\u00fcr alle Motive und Bilder, soll aber tendenziell zeigen, worauf es bei der Konvertierung ankommt. Da Bearbeitungschritte, wie die hier gezeigten nicht von der Kamera geleistet werden k\u00f6nnen, wird deutlich, dass es immer noch der bessere Weg ist, ein Farbbild aufzunehmen. Zum einen weil es nicht sinnvoll ist, jedes Bild umzuwandeln, denn bei den meisten Motiven ist die Farbe ohnehin unverzichtbar, und zum anderen funktioniert die alles entscheidende Helligkeitsgewichtung der Ausgangsfarben nur bei der Bearbeitung am Computer.<\/p>\n<p>Stehen keine RAW-Dateien zur Verf\u00fcgung (Kompaktkamera), bietet sich zur Umwandlung der &#8222;Kanalmixer&#8220; in <strong>Photoshop<\/strong> oder <strong>Photoshop elements<\/strong> an. Damit lassen sich zwar nicht direkt die Ausgangsfarben gewichten, wohl aber die Farbkan\u00e4le Rot, Gr\u00fcn und Blau, was auch sehr hilfreich ist. In Photoshop gibt es noch das Schwarzwei\u00df-Tool zum Umwandeln wie zur Zeit der analogen Schwarzwei\u00dffotografie, mittels des virtuellen Einsatzes von Farbfiltern.<\/p>\n<p>Wege zum Schwarzwei\u00dfbild gibt es also viele und Probieren geht \u00fcber Studieren.<\/p>\n","protected":false},"excerpt":{"rendered":"<p>Hier beschreibe ich Schritt f\u00fcr Schritt den Werdegang einer Aufnahme der Bergkirche in Udenheim\/Rheinhessen von der RAW-Datei zum Schwarzwei\u00dfbild. Die Aufnahme entstand mit meiner Nikon D700 und dem AF-S 24-85 [&hellip;]<\/p>\n","protected":false},"author":1,"featured_media":0,"parent":0,"menu_order":0,"comment_status":"closed","ping_status":"closed","template":"","meta":{"footnotes":""},"class_list":["post-13571","page","type-page","status-publish","hentry"],"jetpack_sharing_enabled":true,"_links":{"self":[{"href":"https:\/\/georg-dahlhoff.eu\/monochrome\/index.php?rest_route=\/wp\/v2\/pages\/13571","targetHints":{"allow":["GET"]}}],"collection":[{"href":"https:\/\/georg-dahlhoff.eu\/monochrome\/index.php?rest_route=\/wp\/v2\/pages"}],"about":[{"href":"https:\/\/georg-dahlhoff.eu\/monochrome\/index.php?rest_route=\/wp\/v2\/types\/page"}],"author":[{"embeddable":true,"href":"https:\/\/georg-dahlhoff.eu\/monochrome\/index.php?rest_route=\/wp\/v2\/users\/1"}],"replies":[{"embeddable":true,"href":"https:\/\/georg-dahlhoff.eu\/monochrome\/index.php?rest_route=%2Fwp%2Fv2%2Fcomments&post=13571"}],"version-history":[{"count":0,"href":"https:\/\/georg-dahlhoff.eu\/monochrome\/index.php?rest_route=\/wp\/v2\/pages\/13571\/revisions"}],"wp:attachment":[{"href":"https:\/\/georg-dahlhoff.eu\/monochrome\/index.php?rest_route=%2Fwp%2Fv2%2Fmedia&parent=13571"}],"curies":[{"name":"wp","href":"https:\/\/api.w.org\/{rel}","templated":true}]}}